{"id":81,"date":"2013-03-10T10:57:25","date_gmt":"2013-03-10T09:57:25","guid":{"rendered":"http:\/\/fischereiverein.flyingfilms4companys.com\/?page_id=81"},"modified":"2014-04-09T10:45:23","modified_gmt":"2014-04-09T09:45:23","slug":"fischbesatz","status":"publish","type":"page","link":"https:\/\/www.fischereiverein-schnaittach.de\/?page_id=81","title":{"rendered":"Fischbesatz"},"content":{"rendered":"<p><span style=\"font-family: Arial;\">Wir hegen in unseren Weihern verschiedenartig folgende Fische und Schalentiere (Auswahl):<\/span><\/p>\n<table width=\"100%\" border=\"1\" cellspacing=\"0\" cellpadding=\"0\">\n<tbody>\n<tr>\n<td width=\"11%\">\n<p align=\"left\"><span style=\"font-family: Arial;\">Karpfen<\/span><\/p>\n<\/td>\n<td width=\"89%\">\n<p align=\"left\"><img loading=\"lazy\" decoding=\"async\" alt=\"\" src=\"http:\/\/www.fischereiverein-schnaittachtal.de\/Gewaesser\/Hege\/karpfen.gif\" width=\"311\" height=\"203\" align=\"left\" border=\"0\" \/><span style=\"font-family: Arial;\">Cyprinus carpio<br \/>\n<\/span><\/p>\n<\/td>\n<\/tr>\n<tr>\n<td width=\"11%\">\n<p align=\"left\"><span style=\"font-family: Arial;\">Schleie<\/span><\/p>\n<\/td>\n<td width=\"89%\">\n<p align=\"left\"><img loading=\"lazy\" decoding=\"async\" alt=\"\" src=\"http:\/\/www.fischereiverein-schnaittachtal.de\/Gewaesser\/Hege\/schleie.gif\" width=\"311\" height=\"206\" align=\"left\" border=\"0\" \/><span style=\"font-family: Arial;\">Tinca tinca<br \/>\n<\/span><\/p>\n<\/td>\n<\/tr>\n<tr>\n<td width=\"11%\">\n<p align=\"left\"><span style=\"font-family: Arial;\">Graskarpfen<\/span><\/p>\n<\/td>\n<td width=\"89%\">\n<p align=\"left\"><img loading=\"lazy\" decoding=\"async\" alt=\"\" src=\"http:\/\/www.fischereiverein-schnaittachtal.de\/Gewaesser\/Hege\/graskarpfen.gif\" width=\"311\" height=\"205\" align=\"left\" border=\"0\" \/><span style=\"font-family: Arial;\">Ctenopharyngodon idella<\/span><\/p>\n<\/td>\n<\/tr>\n<tr>\n<td width=\"11%\">\n<p align=\"left\"><span style=\"font-family: Arial;\">Rotfeder<\/span><\/p>\n<\/td>\n<td width=\"89%\">\n<p align=\"left\"><img loading=\"lazy\" decoding=\"async\" alt=\"\" src=\"http:\/\/www.fischereiverein-schnaittachtal.de\/Gewaesser\/Hege\/rotfeder.gif\" width=\"312\" height=\"200\" align=\"left\" border=\"0\" \/><span style=\"font-family: Arial;\">Scardinius erythrophthalmus<\/span><\/p>\n<\/td>\n<\/tr>\n<tr>\n<td width=\"11%\">\n<p align=\"left\"><span style=\"font-family: Arial;\">Moderlieschen<\/span><\/p>\n<\/td>\n<td width=\"89%\">\n<p align=\"left\"><img loading=\"lazy\" decoding=\"async\" alt=\"\" src=\"http:\/\/www.fischereiverein-schnaittachtal.de\/Gewaesser\/Hege\/moderlieschen.gif\" width=\"311\" height=\"206\" align=\"left\" border=\"0\" \/><span style=\"font-family: Arial;\">Leucaspius delineatus<\/span><\/p>\n<\/td>\n<\/tr>\n<tr>\n<td width=\"11%\">\n<p align=\"left\"><span style=\"font-family: Arial;\">Hecht<\/span><\/p>\n<\/td>\n<td width=\"89%\">\n<p align=\"left\"><img loading=\"lazy\" decoding=\"async\" alt=\"\" src=\"http:\/\/www.fischereiverein-schnaittachtal.de\/Gewaesser\/Hege\/hecht.gif\" width=\"311\" height=\"206\" align=\"left\" border=\"0\" \/><span style=\"font-family: Arial;\">Esox lucius<\/span><span style=\"font-family: Arial;\"><br \/>\n<\/span><\/p>\n<\/td>\n<\/tr>\n<tr>\n<td width=\"11%\">\n<p align=\"left\"><span style=\"font-family: Arial;\">Zander<\/span><\/p>\n<\/td>\n<td width=\"89%\">\n<p align=\"left\"><span style=\"font-family: Arial;\"><img loading=\"lazy\" decoding=\"async\" alt=\"\" src=\"http:\/\/www.fischereiverein-schnaittachtal.de\/Gewaesser\/Hege\/zander.gif\" width=\"311\" height=\"206\" align=\"left\" border=\"0\" \/>Stizostedion lucioperca<\/span><span style=\"font-family: Arial;\"><br \/>\n<\/span><\/p>\n<\/td>\n<\/tr>\n<tr>\n<td width=\"11%\">\n<p align=\"left\"><span style=\"font-family: Arial;\">Teichmuschel<\/span><\/p>\n<\/td>\n<td width=\"89%\">\n<p align=\"left\"><img loading=\"lazy\" decoding=\"async\" alt=\"\" src=\"http:\/\/www.fischereiverein-schnaittachtal.de\/Gewaesser\/Hege\/muschel.gif\" width=\"311\" height=\"206\" align=\"left\" border=\"0\" \/><span style=\"font-family: Arial;\">Unio pictorum<\/span><\/p>\n<\/td>\n<\/tr>\n<tr>\n<td width=\"11%\">\n<p align=\"left\"><span style=\"font-family: Arial;\">Krebse<\/span><\/p>\n<\/td>\n<td width=\"89%\">\n<p align=\"left\"><img loading=\"lazy\" decoding=\"async\" alt=\"\" src=\"http:\/\/www.fischereiverein-schnaittachtal.de\/Gewaesser\/Hege\/krebs.gif\" width=\"311\" height=\"206\" align=\"left\" border=\"0\" \/><span style=\"font-family: Arial;\">Astacus astacus und Austropotamobius torrentium<br \/>\n<\/span><\/p>\n<\/td>\n<\/tr>\n<tr>\n<td width=\"11%\">\n<p align=\"left\"><span style=\"font-family: Arial;\">Bachforellen<\/span><\/p>\n<\/td>\n<td width=\"89%\">\n<p align=\"left\"><img loading=\"lazy\" decoding=\"async\" alt=\"\" src=\"http:\/\/www.fischereiverein-schnaittachtal.de\/Gewaesser\/Hege\/forelle.gif\" width=\"311\" height=\"206\" align=\"left\" border=\"0\" \/><span style=\"font-family: Arial;\">Salmo trutta forma fario<br \/>\n<\/span><\/p>\n<\/td>\n<\/tr>\n<tr>\n<td width=\"11%\">\n<p align=\"left\"><span style=\"font-family: Arial;\">Nasen<\/span><\/p>\n<\/td>\n<td width=\"89%\">\n<p align=\"left\"><img loading=\"lazy\" decoding=\"async\" alt=\"\" src=\"http:\/\/www.fischereiverein-schnaittachtal.de\/Gewaesser\/Hege\/nase.gif\" width=\"311\" height=\"206\" align=\"left\" border=\"0\" \/><span style=\"font-family: Arial;\">Chondrostoma nasus<\/span><\/p>\n<\/td>\n<\/tr>\n<\/tbody>\n<\/table>\n<h3><strong>Bild- und Datenquelle:\u00a0<\/strong><\/h3>\n<h3>&#8211; Ergebnisse der Artenkartierungen in den Flie\u00dfgew\u00e4ssern Bayerns; Herausgeber: Bay.Staatsministerium f\u00fcr Ern\u00e4hrung, Landwirtschaft und Forsten; Dez. 2000<br \/>\n&#8211; Die Pegnitz; Herausgeber Dieter Piwernetz; 2002<\/h3>\n","protected":false},"excerpt":{"rendered":"<p>Wir hegen in unseren Weihern verschiedenartig folgende Fische und Schalentiere (Auswahl): Karpfen Cyprinus carpio Schleie Tinca tinca Graskarpfen Ctenopharyngodon idella Rotfeder Scardinius erythrophthalmus Moderlieschen Leucaspius delineatus Hecht Esox lucius Zander Stizostedion lucioperca Teichmuschel Unio pictorum Krebse Astacus astacus und Austropotamobius &hellip; <a href=\"https:\/\/www.fischereiverein-schnaittach.de\/?page_id=81\">Weiterlesen <span class=\"meta-nav\">&rarr;<\/span><\/a><\/p>\n","protected":false},"author":1,"featured_media":0,"parent":0,"menu_order":0,"comment_status":"closed","ping_status":"closed","template":"","meta":{"footnotes":""},"class_list":["post-81","page","type-page","status-publish","hentry"],"_links":{"self":[{"href":"https:\/\/www.fischereiverein-schnaittach.de\/index.php?rest_route=\/wp\/v2\/pages\/81","targetHints":{"allow":["GET"]}}],"collection":[{"href":"https:\/\/www.fischereiverein-schnaittach.de\/index.php?rest_route=\/wp\/v2\/pages"}],"about":[{"href":"https:\/\/www.fischereiverein-schnaittach.de\/index.php?rest_route=\/wp\/v2\/types\/page"}],"author":[{"embeddable":true,"href":"https:\/\/www.fischereiverein-schnaittach.de\/index.php?rest_route=\/wp\/v2\/users\/1"}],"replies":[{"embeddable":true,"href":"https:\/\/www.fischereiverein-schnaittach.de\/index.php?rest_route=%2Fwp%2Fv2%2Fcomments&post=81"}],"version-history":[{"count":3,"href":"https:\/\/www.fischereiverein-schnaittach.de\/index.php?rest_route=\/wp\/v2\/pages\/81\/revisions"}],"predecessor-version":[{"id":729,"href":"https:\/\/www.fischereiverein-schnaittach.de\/index.php?rest_route=\/wp\/v2\/pages\/81\/revisions\/729"}],"wp:attachment":[{"href":"https:\/\/www.fischereiverein-schnaittach.de\/index.php?rest_route=%2Fwp%2Fv2%2Fmedia&parent=81"}],"curies":[{"name":"wp","href":"https:\/\/api.w.org\/{rel}","templated":true}]}}