{"id":79,"date":"2013-03-10T10:54:35","date_gmt":"2013-03-10T09:54:35","guid":{"rendered":"http:\/\/fischereiverein.flyingfilms4companys.com\/?page_id=79"},"modified":"2020-11-04T12:38:39","modified_gmt":"2020-11-04T11:38:39","slug":"fischhege","status":"publish","type":"page","link":"https:\/\/www.fischereiverein-schnaittach.de\/?page_id=79","title":{"rendered":"Fischhege"},"content":{"rendered":"<p><strong>Das j\u00e4hrliche Abfischen sorgt f\u00fcr artgerechten Fischbesatz und erm\u00f6glicht dringende Weiherreparaturen<\/strong><\/p>\n<p>Jeden Herbst ist es wieder soweit. Verschiedene Fischteiche m\u00fcssen f\u00fcr den Winter vorbereitet werden. Nach einigen Jahren droht ein Weiher zu verlanden und muss saniert werden, um den Teichbewohnern auch in Zukunft einen sicheren \u00dcberwinterungsort zu bieten. Aber die Fischer wollen auch wissen, wie sich der Fischbestand entwickelt hat und es m\u00fcssen die Setzlinge des Fr\u00fchjahrs aus den Aufzuchtteichen in ihre vorgesehenen Weiher verlegt werden. Der Fischereiverein Schnaittachtal fischte in diesem Herbst neun Weiher ab. Dies wurde mit der vereinten Hilfe der Mitglieder an drei Samstagen erledigt. Allerdings sehen die Mitglieder dies nicht als Arbeit an, sondern als Hobby an der frischen Luft, dass einen willkommenen Ausgleich zu den Arbeitsalttag bietet. Nicht nur das Abfischen ist einer der H\u00f6hepunkte des Vereinslebens, auch fangen die Vereinsmitglieder das ganze Jahr \u00fcber ein schmackhaftes Nahrungsmittel, das eine ausgewogene Ern\u00e4hrung unterst\u00fctzt. Allerdings ist das Angeln das Jahr \u00fcber strengen Begrenzungen unterworfen und die auch dieses Jahr reiche Ernte des Abfischens dient nicht der \u00f6konomischen Verwertung.<\/p>\n<p>Die Aufzuchtteiche des Vereins sind die Kinderstube f\u00fcr die Angelgew\u00e4sser und werden nicht nach wirtschaftlichen Gesichtspunkten besetzt. Die Gew\u00e4sserwarte des Vereins setzen im Fr\u00fchjahr Karpfen, Schleie, Hecht und Zander und sorgen das ganze Jahr \u00fcber f\u00fcr deren Aufzucht. Sowohl in den Aufzuchtteichen als auch in den Angelgew\u00e4ssern muss, um erfolgreich zu sein, der Artenschutz gro\u00df geschrieben werden: So ist in jedem Gew\u00e4sser neben dem Besatz mit Edelfischen der Wei\u00dffisch wie Rotfeder, Rotauge, Moderlieschen und der Giebel vertreten, ohne die kein \u00f6kologisches Gleichgewicht im Teich m\u00f6glich w\u00e4re. Selbst die gro\u00dfe Teichmuschel wird sorgsam gehegt. Manche dieser Wasserbewohner w\u00e4ren ohne die Hilfe des Menschen schon l\u00e4ngst vom Aussterben bedroht. Und jeder Fischer freut sich, wenn er am Teich seltene Tierarten, wie den Eisvogel beobachten kann, der sich nur in einer \u00f6kologisch ausgeglichenen Umwelt wohl f\u00fchlt.<\/p>\n<p>Angeln ist und kann kein Freizeithobby gegen die Natur sein, denn ohne den aktiven Artenschutz w\u00fcrde auf Dauer kein Angeln in unseren Gew\u00e4ssern m\u00f6glich sein. Deshalb wird in unseren Fischereivereinen nicht nur das Angeln, sondern auch der Artenschutz gepflegt und die Vorbereitung auf den Winter ist ein Bestandteil dieses Artenschutzes.<\/p>\n<p><center><\/center><\/p>\n<p align=\"left\">\n","protected":false},"excerpt":{"rendered":"<p>Das j\u00e4hrliche Abfischen sorgt f\u00fcr artgerechten Fischbesatz und erm\u00f6glicht dringende Weiherreparaturen Jeden Herbst ist es wieder soweit. Verschiedene Fischteiche m\u00fcssen f\u00fcr den Winter vorbereitet werden. Nach einigen Jahren droht ein Weiher zu verlanden und muss saniert werden, um den Teichbewohnern &hellip; <a href=\"https:\/\/www.fischereiverein-schnaittach.de\/?page_id=79\">Weiterlesen <span class=\"meta-nav\">&rarr;<\/span><\/a><\/p>\n","protected":false},"author":1,"featured_media":0,"parent":0,"menu_order":0,"comment_status":"closed","ping_status":"closed","template":"","meta":{"footnotes":""},"class_list":["post-79","page","type-page","status-publish","hentry"],"_links":{"self":[{"href":"https:\/\/www.fischereiverein-schnaittach.de\/index.php?rest_route=\/wp\/v2\/pages\/79","targetHints":{"allow":["GET"]}}],"collection":[{"href":"https:\/\/www.fischereiverein-schnaittach.de\/index.php?rest_route=\/wp\/v2\/pages"}],"about":[{"href":"https:\/\/www.fischereiverein-schnaittach.de\/index.php?rest_route=\/wp\/v2\/types\/page"}],"author":[{"embeddable":true,"href":"https:\/\/www.fischereiverein-schnaittach.de\/index.php?rest_route=\/wp\/v2\/users\/1"}],"replies":[{"embeddable":true,"href":"https:\/\/www.fischereiverein-schnaittach.de\/index.php?rest_route=%2Fwp%2Fv2%2Fcomments&post=79"}],"version-history":[{"count":4,"href":"https:\/\/www.fischereiverein-schnaittach.de\/index.php?rest_route=\/wp\/v2\/pages\/79\/revisions"}],"predecessor-version":[{"id":1939,"href":"https:\/\/www.fischereiverein-schnaittach.de\/index.php?rest_route=\/wp\/v2\/pages\/79\/revisions\/1939"}],"wp:attachment":[{"href":"https:\/\/www.fischereiverein-schnaittach.de\/index.php?rest_route=%2Fwp%2Fv2%2Fmedia&parent=79"}],"curies":[{"name":"wp","href":"https:\/\/api.w.org\/{rel}","templated":true}]}}