{"id":56,"date":"2013-03-10T10:17:38","date_gmt":"2013-03-10T09:17:38","guid":{"rendered":"http:\/\/fischereiverein.flyingfilms4companys.com\/?page_id=56"},"modified":"2024-01-14T09:22:43","modified_gmt":"2024-01-14T08:22:43","slug":"gastfischer","status":"publish","type":"page","link":"https:\/\/www.fischereiverein-schnaittach.de\/?page_id=56","title":{"rendered":"Gastfischer"},"content":{"rendered":"\n<p><\/p>\n\n\n\n<p>Gastfischer sind beim Fischereiverein Schnaittach gerne gesehen. F\u00fcr unsere Gastangler stehen zwei Angelweiher zur Verf\u00fcgung:<\/p>\n\n\n\n<ul class=\"wp-block-list\">\n<li>B\u00fcrgerweiher in Schnaittach<\/li>\n\n\n\n<li>H\u00f6llweiher in Simonshofen<\/li>\n<\/ul>\n\n\n\n<hr class=\"wp-block-separator has-css-opacity\"\/>\n\n\n\n<div class=\"wp-block-columns is-layout-flex wp-container-core-columns-is-layout-9d6595d7 wp-block-columns-is-layout-flex\">\n<div class=\"wp-block-column is-layout-flow wp-block-column-is-layout-flow\" style=\"flex-basis:33.33%\">\n<figure class=\"wp-block-image size-full\"><a href=\"https:\/\/www.hejfish.com\/search?term=fvschnaittachtal\"><img loading=\"lazy\" decoding=\"async\" width=\"358\" height=\"269\" src=\"https:\/\/www.fischereiverein-schnaittach.de\/wp-content\/uploads\/2021\/11\/01_hejfish_kauficon_online_20.png\" alt=\"\" class=\"wp-image-2082\" srcset=\"https:\/\/www.fischereiverein-schnaittach.de\/wp-content\/uploads\/2021\/11\/01_hejfish_kauficon_online_20.png 358w, https:\/\/www.fischereiverein-schnaittach.de\/wp-content\/uploads\/2021\/11\/01_hejfish_kauficon_online_20-300x225.png 300w\" sizes=\"auto, (max-width: 358px) 100vw, 358px\" \/><\/a><\/figure>\n\n\n\n<div>\n<div id=\"cc-m-textwithimage-10537027295\" class=\"cc-m-textwithimage-inline-rte\" data-name=\"text\" data-action=\"text\">\n<p>Tageskarten f\u00fcr den B\u00fcrgerweiher und H\u00f6llweiher <a title=\"https:\/\/hejfish.com\/search?search=fvlech\" href=\"https:\/\/www.hejfish.com\/search?term=fvschnaittachtal\" target=\"_blank\" rel=\"noopener\">ONLINE<\/a> erh\u00e4ltlich!<\/p>\n<p><strong>Links auf das Foto klicken. Registrieren. Bezahlen. Email erhalten. Ausdrucken. Fischen.<\/strong><\/p>\n<\/div>\n<\/div>\n<\/div>\n\n\n\n<div class=\"wp-block-column is-layout-flow wp-block-column-is-layout-flow\" style=\"flex-basis:66.66%\">\n<div id=\"cc-m-10320629195\" class=\"j-module n j-textWithImage \">\n<div>\n<div id=\"cc-m-textwithimage-10320629195\" class=\"cc-m-textwithimage-inline-rte\" data-name=\"text\" data-action=\"text\">\n<p>Keine R\u00fccksichtnahme auf \u00d6ffnungszeiten von&nbsp;Kartenausgabestellen, keine umst\u00e4ndlichen Geld-gegen-Tageskarten-Hinterlegungen,&nbsp;ideal&nbsp;f\u00fcr kurzentschlossene Petrij\u00fcnger.<\/p>\n<p>Zudem umfangreiche Informationen \u00fcber zahlreiche Gew\u00e4sser in \u00d6sterreich und Deutschland. Das ist <a title=\"www.hejfish.com\" href=\"http:\/\/www.hejfish.com\" target=\"_blank\" rel=\"noopener\">www.hejfish.com<\/a><\/p>\n<div>\n<div id=\"cc-m-textwithimage-10537027295\" class=\"cc-m-textwithimage-inline-rte\" data-name=\"text\" data-action=\"text\">\n<p><strong>Achtung: TAGESKARTEN NICHT \u00dcBERTRAGBAR!<br \/><\/strong><\/p>\n<p>&nbsp;Einfacher gehts nicht.<\/p>\n<\/div>\n<\/div>\n<\/div>\n<\/div>\n<div class=\"cc-clear\">&nbsp;<\/div>\n<\/div>\n<div id=\"cc-m-10320650195\" class=\"j-module n j-spacing \">\n<div class=\"cc-m-spacer\">&nbsp;<\/div>\n<\/div>\n<\/div>\n<\/div>\n\n\n\n<hr class=\"wp-block-separator has-css-opacity\"\/>\n\n\n<p><strong>Unsere Tageskarten erhaltet Ihr nat\u00fcrlich auch vor Ort an folgenden Ausgabestellen:<\/strong><\/p>\n<p><strong>ESSO &#8211; Station Rupprecht<\/strong><br \/>N\u00fcrnbergerstr. 81<br \/>91220 Schnaittach<br \/>Tel.: 09153 &#8211; 8389<\/p>\n<p><strong>Auto-Herold GmbH&amp;Co KG<\/strong><br \/><strong>Shell Tankstelle<\/strong><br \/>Hersbrucker Stra\u00dfe 53<br \/>91207 Lauf an der Pegnitz<br \/>Tel.: 09123 \/ 942111<br \/>Rund um die Uhr ge\u00f6ffnet!<\/p>\n<p><strong>Sportangler-Zentrale<\/strong><br \/>Kopernikusstra\u00dfe 18<br \/>90459 N\u00fcrnberg\u00a0\u00a0\u00a0\u00a0\u00a0\u00a0\u00a0\u00a0\u00a0 \u00a0 \u00a0 \u00a0\u00a0\u00a0\u00a0\u00a0\u00a0\u00a0\u00a0\u00a0\u00a0\u00a0\u00a0\u00a0\u00a0\u00a0\u00a0\u00a0\u00a0\u00a0\u00a0\u00a0\u00a0\u00a0\u00a0\u00a0\u00a0\u00a0\u00a0\u00a0\u00a0\u00a0\u00a0\u00a0\u00a0\u00a0\u00a0\u00a0\u00a0\u00a0\u00a0\u00a0\u00a0\u00a0\u00a0\u00a0\u00a0\u00a0\u00a0\u00a0\u00a0\u00a0\u00a0\u00a0\u00a0\u00a0\u00a0\u00a0\u00a0\u00a0\u00a0\u00a0\u00a0\u00a0\u00a0\u00a0\u00a0\u00a0\u00a0\u00a0\u00a0\u00a0\u00a0\u00a0\u00a0\u00a0\u00a0\u00a0\u00a0\u00a0\u00a0\u00a0\u00a0\u00a0\u00a0\u00a0\u00a0\u00a0\u00a0\u00a0\u00a0\u00a0\u00a0\u00a0\u00a0\u00a0\u00a0\u00a0\u00a0\u00a0 Tel.: 0911\/448736<br \/>www.sportanglerzentrale.de<\/p>\n<p><strong>Anglerladen Marco Linsner<\/strong><br \/>Luitpoldstr. 14<br \/>91207 Lauf<br \/>Mobil: 0177\/4119523<\/p>\n<p><strong>Dorfmarkt Simonshofen<\/strong><br \/>Hopfenstra\u00dfe 23<br \/>Simonshofen<br \/>09123 9981122<br \/>\u00d6ffnungszeiten:<br \/>Mo, Mi-Fr: 6:30 \u2013 18:30 Uhr<br \/>Di, Sa: 6:30 \u2013 13:00 Uhr<\/p>\n<p><strong>Angelshop &#8211; Erlangen<\/strong><br \/>Noetherstra\u00dfe 61<br \/>91058 Erlangen<br \/>Tel.: 09131\/7128811<\/p>\n<hr \/>\n<h4><strong>F\u00fcr das Angeln auf Tageserlaubnisscheinen weisen wir auf folgende Punkte hin:<\/strong><\/h4>\n<p>Da das Angeln an gesetzliche Regelungen gebunden ist und es hier um Tiere geht die entsprechend des Tierschutzgesetzes behandelt werden m\u00fcssen, gelten folgende Bestimmungen. Geangelt werden kann am B\u00fcrgerweiher in Schnaittach und am H\u00f6llweiher in Simonshofen. Der g\u00fcltige staatliche Fischereischein in Verbindung mit dem jeweiligem Tageserlaubnisschein ist erforderlich. Gestattet sind 2 Handangeln mit jeweils einem K\u00f6der, auf Raubfische darf nur mit einer Handangel gefischt werden. Beim Spinnfischen sind die Friedfischangeln aus dem Gew\u00e4sser zu nehmen. Kunstk\u00f6der sowie der tote K\u00f6derfisch d\u00fcrfen nur mit einem Einfachhaken nicht kleiner als Hakengr\u00f6\u00dfe 1.0 verwendet werden. Es k\u00f6nnen Karpfen, Schleie, Graskarpfen, Aal, Hecht, Zander und Wels sowie Wei\u00dffische wie z.B. Giebel und Brachse geangelt werden. Verboten ist das verwenden von Drillingen, Senknetze u. sonstige Netze und das Verwenden eines Krebstellers. Ebenfalls verboten ist das Grillen und offenes Feuer. Kleine einflammige Campingkocher (Gas) sind erlaubt. Nur eine Anbissstelle (Haken) pro Angel erlaubt.<\/p>\n<p>Fangbeschr\u00e4nkung: Gefangen werden d\u00fcrfen pro Tag: 2 Karpfen oder Graskarpfen, 2 Schleien, 2 Aale, ein Raubfisch, f\u00fcr Wei\u00dffische gibt es keine Fangbeschr\u00e4nkung. Schonma\u00dfe B\u00fcrgerweiher: Karpfen 35 cm, Schleie 26 cm, Aal 50 cm, Hecht 50 cm, Zander 60 cm<\/p>\n<p>Schonma\u00dfe H\u00f6llweiher: Karpfen 35 cm, Schleie 26 cm, Aal 50 cm, Hecht 60 cm, Zander 60 cm<\/p>\n<p>Waller und Graskarpfen unterliegen keinem Schonma\u00df.<\/p>\n<p>Schonzeit bei Raubfischen: vom 15. Februar bis einschlie\u00dflich 30. April.<br \/>Es gelten die gesetzlichen Schonma\u00dfe und Schonzeiten des bayrischen Fischereigesetzes und der Bezirksfischereiverordnung vom Bezirk Mittelfranken. Auf die Einhaltung der Schonma\u00dfe, Schonzeiten und der Fangbeschr\u00e4nkungen ist unbedingt zu achten. Das Fischen ist nur vom Ufer aus erlaubt. Alle Fische sind sobald sie in Besitz (knotenfreier Setzkescher, Karpfensack ) genommen werden, in den Tageserlaubnisschein mit Kugelschreiber einzutragen. Haltung der Fische zum Zwecke des Austausches ist nicht erlaubt. H\u00e4lterung auf die k\u00fcrzest m\u00f6gliche Zeit beschr\u00e4nken. Alle Fische, sofern sie nicht gegen die Verordnungen versto\u00dfen, m\u00fcssen mitgenommen werden. Unterma\u00dfige Fische sind sofort wieder schonend zur\u00fcck zu setzen.<\/p>\n<p>Das Angeln ist 5:00 Uhr bis 24:00 Uhr erlaubt. Das Nachtangeln ist verboten. Der Angelplatz ist sauber zu halten, mitgebrachte Futtermittelbeh\u00e4lter, Plastikt\u00fcten usw. sind wieder mitzunehmen. Vorhandene Parkpl\u00e4tze sind zu benutzen. Hinweisschilder und die jeweils geltenden Gr\u00fcnfl\u00e4chenverordnungen sind zu beachten. Die Benutzung eines Angelzeltes ist nur ohne Boden gestattet. F\u00fcr Sch\u00e4den haftet der Erlaubnisscheininhaber. Den Aufsichtsorganen ist unbedingt folge zu leisten. Verst\u00f6\u00dfe gegen diese Verordnungen k\u00f6nnen mit dem Entzug der Tageskarte geahndet werden.<\/p>","protected":false},"excerpt":{"rendered":"<p>Gastfischer sind beim Fischereiverein Schnaittach gerne gesehen. F\u00fcr unsere Gastangler stehen zwei Angelweiher zur Verf\u00fcgung: Tageskarten f\u00fcr den B\u00fcrgerweiher und H\u00f6llweiher ONLINE erh\u00e4ltlich! Links auf das Foto klicken. Registrieren. Bezahlen. Email erhalten. Ausdrucken. Fischen. Keine R\u00fccksichtnahme auf \u00d6ffnungszeiten von&nbsp;Kartenausgabestellen, keine &hellip; <a href=\"https:\/\/www.fischereiverein-schnaittach.de\/?page_id=56\">Weiterlesen <span class=\"meta-nav\">&rarr;<\/span><\/a><\/p>\n","protected":false},"author":1,"featured_media":0,"parent":0,"menu_order":0,"comment_status":"closed","ping_status":"closed","template":"","meta":{"footnotes":""},"class_list":["post-56","page","type-page","status-publish","hentry"],"_links":{"self":[{"href":"https:\/\/www.fischereiverein-schnaittach.de\/index.php?rest_route=\/wp\/v2\/pages\/56","targetHints":{"allow":["GET"]}}],"collection":[{"href":"https:\/\/www.fischereiverein-schnaittach.de\/index.php?rest_route=\/wp\/v2\/pages"}],"about":[{"href":"https:\/\/www.fischereiverein-schnaittach.de\/index.php?rest_route=\/wp\/v2\/types\/page"}],"author":[{"embeddable":true,"href":"https:\/\/www.fischereiverein-schnaittach.de\/index.php?rest_route=\/wp\/v2\/users\/1"}],"replies":[{"embeddable":true,"href":"https:\/\/www.fischereiverein-schnaittach.de\/index.php?rest_route=%2Fwp%2Fv2%2Fcomments&post=56"}],"version-history":[{"count":47,"href":"https:\/\/www.fischereiverein-schnaittach.de\/index.php?rest_route=\/wp\/v2\/pages\/56\/revisions"}],"predecessor-version":[{"id":2236,"href":"https:\/\/www.fischereiverein-schnaittach.de\/index.php?rest_route=\/wp\/v2\/pages\/56\/revisions\/2236"}],"wp:attachment":[{"href":"https:\/\/www.fischereiverein-schnaittach.de\/index.php?rest_route=%2Fwp%2Fv2%2Fmedia&parent=56"}],"curies":[{"name":"wp","href":"https:\/\/api.w.org\/{rel}","templated":true}]}}