{"id":50,"date":"2013-03-10T10:13:11","date_gmt":"2013-03-10T09:13:11","guid":{"rendered":"http:\/\/fischereiverein.flyingfilms4companys.com\/?page_id=50"},"modified":"2024-10-03T12:46:49","modified_gmt":"2024-10-03T11:46:49","slug":"kontakt-2","status":"publish","type":"page","link":"https:\/\/www.fischereiverein-schnaittach.de\/?page_id=50","title":{"rendered":"Kontakt"},"content":{"rendered":"<p>Bitte z\u00f6gern Sie nicht, bei Fragen, Anregungen oder f\u00fcr Mitgliedsantr\u00e4ge mit uns in Kontakt zu treten. Bitte richten Sie Ihre Anfrage per Email an:<\/p>\n<p><a href=\"http:\/\/vorstand.fv_schnaittach@yahoo.com\">vorstand.fv_schnaittach@yahoo.com<\/a><\/p>\n<p>Selbstverst\u00e4ndlich erhalten Sie auch Informationen telefonisch vom gesch\u00e4ftsf\u00fchrenden Vorstand.<\/p>\n<p>Werden Sie auch <a href=\"https:\/\/www.facebook.com\/pages\/Fischereiverein-Schnaittachtal\/193655634064244\">Fan auf FACEBOOK hier<\/a><\/p>\n","protected":false},"excerpt":{"rendered":"<p>Bitte z\u00f6gern Sie nicht, bei Fragen, Anregungen oder f\u00fcr Mitgliedsantr\u00e4ge mit uns in Kontakt zu treten. Bitte richten Sie Ihre Anfrage per Email an: vorstand.fv_schnaittach@yahoo.com Selbstverst\u00e4ndlich erhalten Sie auch Informationen telefonisch vom gesch\u00e4ftsf\u00fchrenden Vorstand. Werden Sie auch Fan auf FACEBOOK &hellip; <a href=\"https:\/\/www.fischereiverein-schnaittach.de\/?page_id=50\">Weiterlesen <span class=\"meta-nav\">&rarr;<\/span><\/a><\/p>\n","protected":false},"author":1,"featured_media":0,"parent":0,"menu_order":0,"comment_status":"closed","ping_status":"closed","template":"","meta":{"footnotes":""},"class_list":["post-50","page","type-page","status-publish","hentry"],"_links":{"self":[{"href":"https:\/\/www.fischereiverein-schnaittach.de\/index.php?rest_route=\/wp\/v2\/pages\/50","targetHints":{"allow":["GET"]}}],"collection":[{"href":"https:\/\/www.fischereiverein-schnaittach.de\/index.php?rest_route=\/wp\/v2\/pages"}],"about":[{"href":"https:\/\/www.fischereiverein-schnaittach.de\/index.php?rest_route=\/wp\/v2\/types\/page"}],"author":[{"embeddable":true,"href":"https:\/\/www.fischereiverein-schnaittach.de\/index.php?rest_route=\/wp\/v2\/users\/1"}],"replies":[{"embeddable":true,"href":"https:\/\/www.fischereiverein-schnaittach.de\/index.php?rest_route=%2Fwp%2Fv2%2Fcomments&post=50"}],"version-history":[{"count":9,"href":"https:\/\/www.fischereiverein-schnaittach.de\/index.php?rest_route=\/wp\/v2\/pages\/50\/revisions"}],"predecessor-version":[{"id":2273,"href":"https:\/\/www.fischereiverein-schnaittach.de\/index.php?rest_route=\/wp\/v2\/pages\/50\/revisions\/2273"}],"wp:attachment":[{"href":"https:\/\/www.fischereiverein-schnaittach.de\/index.php?rest_route=%2Fwp%2Fv2%2Fmedia&parent=50"}],"curies":[{"name":"wp","href":"https:\/\/api.w.org\/{rel}","templated":true}]}}