{"id":38,"date":"2013-03-10T10:05:43","date_gmt":"2013-03-10T09:05:43","guid":{"rendered":"http:\/\/fischereiverein.flyingfilms4companys.com\/?page_id=38"},"modified":"2021-04-02T13:31:44","modified_gmt":"2021-04-02T12:31:44","slug":"satzung","status":"publish","type":"page","link":"https:\/\/www.fischereiverein-schnaittach.de\/?page_id=38","title":{"rendered":"Satzung"},"content":{"rendered":"<p><strong>Nachfolgend finden Sie an dieser Stelle:<\/strong><\/p>\n<ul>\n<li>die Vereinssatzung<\/li>\n<li>die Fischereiordnung<\/li>\n<li>die Fangverordnung<br \/>\n<hr \/>\n<\/li>\n<\/ul>\n<p><strong>\u00a7 1 Name, Sitz und Gesch\u00e4ftsjahr des Vereins<\/strong><br \/>\n1. Der Verein f\u00fchrt den Namen<br \/>\nFischereiverein Schnaittachtal e.V.,<br \/>\nwurde am 01. Juli 1976 gegr\u00fcndet und ist im Vereinsregister<br \/>\nbeim AG N\u00fcrnberg unter der Nummer VR30505 eingetragen.<br \/>\n2. Sitz des Vereins ist die Marktgemeinde Schnaittach.<br \/>\n3. Das Gesch\u00e4ftsjahr des Vereins ist das Kalenderjahr.<\/p>\n<p><strong>\u00a7 2 Zweck und Aufgaben des Vereins<\/strong><br \/>\n1. Zweck des Vereins ist der Zusammenschluss von Anglern in<br \/>\nSchnaittach und Umgebung, die Verbreitung und Vertiefung<br \/>\ndes Angel- und gegebenenfalls des Castingsports.<br \/>\n2. Aufgaben des Vereins sind Pachtung und Kauf von<br \/>\nGew\u00e4ssern zur Aus\u00fcbung des Angelns, der Hege und Pflege<br \/>\ndes Fischbestandes in den heimatlichen Gew\u00e4ssern<br \/>\n(insbesondere den Vereinsgew\u00e4ssern) und der in und an<br \/>\ndiesen Gew\u00e4ssern beheimateten Tier- und Pflanzenwelt.<br \/>\n3. Der Verein hat Ma\u00dfnahmen zu treffen und zu f\u00f6rdern, die<br \/>\ndem Schutz der Gew\u00e4sser gegen Sch\u00e4digung jeder Art<br \/>\ndienen.<br \/>\n4. Die Beratung und Unterrichtung der Vereinsmitglieder in<br \/>\nallen Angelegenheiten der Angelfischerei (Fischwaid).<br \/>\n5. Ausbildung der Fischerjugend.<br \/>\n6. Durchf\u00fchrung von gemeinschaftlichen Veranstaltungen zur<br \/>\nPflege der Tradition und zum Schutz bzw. Erhalt der<br \/>\nGew\u00e4sserbiotope sowie zur F\u00f6rderung des Vereinslebens.<br \/>\n7. Zusammenarbeit mit dem Bezirks-, dem Landesfischereiverband<br \/>\nsowie den zust\u00e4ndigen Verwaltungsbeh\u00f6rden.<\/p>\n<p><strong>\u00a7 3 Gemeinn\u00fctzigkeit<\/strong><br \/>\n1. Der Verein verfolgt ausschlie\u00dflich und unmittelbar<br \/>\ngemeinn\u00fctzige Zwecke im Sinne des Abschnitts<br \/>\n&#8222;Steuerbeg\u00fcnstigte Zwecke&#8220; der Abgabenordnung.<br \/>\n2. Der Verein ist selbstlos t\u00e4tig, er verfolgt nicht in erster Linie<br \/>\neigenwirtschaftliche Zwecke.<br \/>\n3. Mittel des Vereins d\u00fcrfen nur f\u00fcr die satzungsm\u00e4\u00dfigen<br \/>\nZwecke verwendet werden. Die Mitglieder erhalten keine<br \/>\nZuwendungen aus den Mitteln des Vereins.<br \/>\n4. Es darf keine Person durch Ausgaben, die dem Zweck der<br \/>\nK\u00f6rperschaft fremd sind, oder durch unverh\u00e4ltnism\u00e4\u00dfig hohe<br \/>\nVerg\u00fctungen beg\u00fcnstigt werden.<\/p>\n<p><strong>\u00a7 4 Mitglieder<\/strong><br \/>\nDer Verein umfasst:<br \/>\na) aktive Mitglieder<br \/>\nb) passive Mitglieder<br \/>\nc) jugendliche Mitglieder<br \/>\nd) Ehrenmitglieder (aktiv und\/oder passiv)<br \/>\ne) F\u00f6rdermitglieder<\/p>\n<p><strong>\u00a7 5 Erwerb der Mitgliedschaft<\/strong><br \/>\n1. Der Erwerb der Mitgliedschaft erfolgt durch Aufnahme,<br \/>\nEhrenmitglieder werden ernannt.<br \/>\n2. Jede Person, die das 18. Lebensjahr vollendet hat, die<br \/>\ngesetzlichen Voraussetzungen erf\u00fcllt und sich zur Vereinssatzung<br \/>\nbekennt, kann als Mitglied aufgenommen werden.<br \/>\n3. Ein schriftlicher Aufnahmeantrag ist beim Vereinsvorstand<br \/>\noder dem Kassier einzureichen.<br \/>\n4. Die aktiven und jugendlichen Mitglieder des Vereins sind<br \/>\nzugleich Mitglied im Fischereiverband Mittelfranken e.V.; den<br \/>\nMitgliedsbeitrag tr\u00e4gt der Verein.<br \/>\n5. Jugendliche unter 18 Jahren k\u00f6nnen aufgenommen werden,<br \/>\nvorausgesetzt, das sie im Besitz des staatlichen<br \/>\nJugendfischereischeines sind. Die Aus\u00fcbung der Fischerei<br \/>\n(Fischwaid) mit einer Handangel in den Vereinsgew\u00e4ssern ist<br \/>\nihnen nur unter Aufsicht eines erwachsenen aktiven<br \/>\nMitgliedes gestattet. Ein Stimmrecht steht den jugendlichen<br \/>\nMitgliedern nicht zu.<br \/>\n6. Die Jugendabteilung wird von dem jeweils gew\u00e4hlten<br \/>\nJugendleiter gef\u00fchrt und ist dem Vereinsvorstand und der<br \/>\nVerwaltung weisungsbefugt unterstellt. In der Jahreshauptversammlung<br \/>\nhat der Jugendleiter einen Bericht \u00fcber die<br \/>\nw\u00e4hrend des Gesch\u00e4ftsjahres erfolgte Jugendarbeit<br \/>\nabzugeben bzw. vorzulegen.<br \/>\n7. Der Jugendleiter hat Sitz und Stimme in der Vorstandschaft.<br \/>\n8. \u00dcber die Aufnahme von aktiven, passiven, jugendlichen und<br \/>\nF\u00f6rder-Mitgliedern entscheidet die Vorstandschaft unter der<br \/>\nBest\u00e4tigung der Mitgliederversammlung durch einfache<br \/>\nStimmenmehrheit<br \/>\n9. Ehrenmitglieder ernennt die ordentliche Mitgliederversammlung<br \/>\nmit \u00be-Simmenmehrheit der anwesenden,<br \/>\nstimmberechtigten Mitglieder<\/p>\n<p><strong>\u00a7 6 Ende der Mitgliedschaft<\/strong><br \/>\n1. 1. Die Mitgliedschaft endet :<br \/>\na) durch den Austritt des Mitgliedes. Der Austritt kann<br \/>\nnur schriftlich zum Ende des Gesch\u00e4ftsjahres<br \/>\n(vgl. \u00a7 1 Abs.3) unter Einhaltung einer 3-monatigen<br \/>\nK\u00fcndigungsfrist erfolgen.<br \/>\nb) durch Tod des Mitgliedes,<br \/>\nc) durch Ausschluss aus dem Verein.<br \/>\n2. Der Ausschluss erfolgt grunds\u00e4tzlich, insbesondere wenn ein<br \/>\nMitglied<br \/>\na) gegen die Vereinssatzung oder die Fischereiordnung<br \/>\nverst\u00f6\u00dft<br \/>\nb) sich wegen Fischfrevel strafbar macht oder andere<br \/>\ndazu anstiftet<br \/>\nc) mit seiner Zahlung des Vereinsbeitrages mehr als 2<br \/>\nMonate in Verzug ist,<br \/>\nd) als aktives Vollmitglied nicht mindestens 3 mal im<br \/>\nJahr die Mitgliederversammlung besucht .<br \/>\ne) Jugendliche haben mindestens 3 Jugendversammlungen<br \/>\nzu besuchen.<br \/>\nf) vors\u00e4tzlich gegen die Interessen des Vereins<br \/>\nverst\u00f6\u00dft.<br \/>\n3. Der Ausschluss erfolgt durch den Beschluss der<br \/>\nVorstandschaft. Dem Ausgeschlossenen steht es frei,<br \/>\ninnerhalb von 14 Tagen nach Zustellung des<br \/>\nAusschlussbescheides schriftlich Einspruch zu erheben.<br \/>\n\u00dcber diesen Einspruch entscheidet die n\u00e4chste<br \/>\nMitgliederversammlung.<br \/>\n4. Mit dem Austritt, der Streichung, dem Ausschluss oder dem<br \/>\nTod eines Mitgliedes erl\u00f6schen s\u00e4mtliche Rechte am Verein<br \/>\nund am Vereinsverm\u00f6gen. Beitr\u00e4ge die \u00fcber den<br \/>\nAusscheidungstermin hinaus entrichtet sind, werden nicht<br \/>\nerstattet.<\/p>\n<p style=\"text-align: left;\"><strong>\u00a7 7 Fischereiordnung<\/strong><br \/>\nDer Vereinssatzung wird eine Fischereiordnung beigef\u00fcgt,<br \/>\nwelche Bestimmungen der Fischwaid sowie die Ordnung an<br \/>\nden Gew\u00e4ssern regelt. Verst\u00f6\u00dfe gegen diese Ordnung<br \/>\nk\u00f6nnen bestraft werden. Das Strafma\u00df wird in der<br \/>\nFischereiordnung geregelt, und kann bis zum<br \/>\nVereinsausschluss f\u00fchren.<\/p>\n<p><strong>\u00a7 8 Beitr\u00e4ge<\/strong><br \/>\n1. Jedes Mitglied hat bei seinem Eintritt in den Verein als<br \/>\naktives, passives oder jugendliches Mitglied einen<br \/>\neinmaligen, von der Mitgliederversammlung festgesetzten<br \/>\nAufnahmebeitrag zu entrichten.<br \/>\n2. Der Mitgliederbeitrag wird von einer ordentlichen oder<br \/>\nau\u00dferordentlichen Mitgliederversammlung nach den<br \/>\nBed\u00fcrfnissen des Vereins festgesetzt und richtet sich nach<br \/>\ndem f\u00fcr die gemeinsame Pachtung und Pflege der Gew\u00e4sser<br \/>\nnotwendigen Betrag.<br \/>\n3. Alle Beitr\u00e4ge sind Jahresbeitr\u00e4ge. Sie sind am ersten<br \/>\nArbeitstag des jeweiligen Gesch\u00e4ftsjahres f\u00e4llig.<br \/>\nNeumitglieder, die im Laufe des Gesch\u00e4ftsjahres beitreten,<br \/>\nhaben den vollst\u00e4ndigen Jahresbeitrag zu entrichten.<\/p>\n<p><strong>\u00a7 9 Organe des Vereins<\/strong><br \/>\nDie Organe des Vereins sind<br \/>\na) die Mitgliederversammlung<br \/>\nb) die Vorstandschaft<\/p>\n<p><strong>\u00a7 10 Die Vorstandschaft \/ Vereinsverwaltung<\/strong><br \/>\n1. Die Vorstandschaft bzw, Vereinsverwaltung besteht aus<br \/>\na) dem 1. Vorsitzenden<br \/>\nb) dem 2. Vorsitzenden<br \/>\nc) dem Kassier<br \/>\nd) dem Schriftf\u00fchrer<br \/>\ne) dem Ausschuss \/ Beisitzern<br \/>\nf) den Gew\u00e4sserwarten<br \/>\ng) den Ger\u00e4tewarten<br \/>\nh) dem Jugendleiter<br \/>\n2. Der 1. Vorsitzende und der 2. Vorsitzende, jeder f\u00fcr sich<br \/>\nallein, vertretenden Verein gerichtlich und au\u00dfergerichtlich.<br \/>\n3. Der Ausschuss besteht aus 3 Personen und hat die Aufgabe,<br \/>\nder Vorstandschaft beratend zur Seite zu stehen. Bei Bedarf<br \/>\nkann die Vorstandschaft dem Kassier sowie dem<br \/>\nSchriftf\u00fchrer einen Beisitzer zuordnen.<br \/>\n4. Die Mitglieder der Vorstandschaft werden in der<br \/>\nJahreshauptversammlung aus den Reihen der Mitglieder<br \/>\njeweils auf die Dauer von 2 Jahren gew\u00e4hlt. Sie ist<br \/>\nverpflichtet in den jeweils folgenden Jahreshauptversammlungen\u00a0\u00a0\u00a0\u00a0\u00a0\u00a0\u00a0\u00a0\u00a0\u00a0\u00a0\u00a0\u00a0\u00a0\u00a0\u00a0\u00a0\u00a0\u00a0\u00a0\u00a0\u00a0\u00a0\u00a0\u00a0\u00a0\u00a0\u00a0\u00a0\u00a0\u00a0\u00a0\u00a0\u00a0\u00a0\u00a0\u00a0\u00a0\u00a0\u00a0\u00a0\u00a0\u00a0\u00a0\u00a0\u00a0\u00a0\u00a0\u00a0\u00a0\u00a0\u00a0\u00a0\u00a0\u00a0\u00a0\u00a0\u00a0\u00a0\u00a0\u00a0\u00a0\u00a0\u00a0\u00a0\u00a0\u00a0\u00a0\u00a0\u00a0\u00a0\u00a0\u00a0\u00a0\u00a0\u00a0\u00a0\u00a0\u00a0\u00a0\u00a0\u00a0 die Vertrauensfrage zu stellen. Bis zur Neuwahl<br \/>\nder Vorstandschaft bleibt die alte Vorstandschaft im Amt.<br \/>\n5. Eine Neuwahl in der Jahreshauptversammlung hat zu<br \/>\nerfolgen, wenn ein Mitglied aus der Vorstandschaft<br \/>\nausscheidet oder wenn ihm das Vertrauen entzogen wird.<br \/>\nBis dahin kann die Vorstandschaft einen vorl\u00e4ufigen<br \/>\nNachfolger f\u00fcr den Ausgeschiedenen bestellen.<br \/>\n6. Die Wahl des 1. und 2. Vorsitzenden, des Kassiers sowie<br \/>\ndes Schriftf\u00fchrers muss in geheimer Abstimmung erfolgen.<\/p>\n<p><strong>\u00a7 11 F\u00fchrung der Vereinsjugend<\/strong><br \/>\n1. Die Vereinsjugend f\u00fchrt und verwaltet sich im Rahmen<br \/>\ndieser Satzung und der bestehenden Ordnung selbst\u00e4ndig.<br \/>\nSie entscheidet \u00fcber die Verwendung der ihr zuflie\u00dfenden<br \/>\nMittel.<br \/>\n2. Alles andere regelt die Jugendordnung. Diese bedarf der<br \/>\nZustimmung durch die Vorstandschaft.<br \/>\n3. Vorrangig gilt die Satzung des Vereins.<\/p>\n<p><strong>\u00a7 12 Jahreshauptversammlung<\/strong><br \/>\n1. Die Jahreshauptversammlung findet m\u00f6glichst im ersten<br \/>\nQuartal eines jeden Jahres statt. Zur Hauptversammlung ist<br \/>\nvom Vorstand mindestens 14 Tage vorher unter Angabe der<br \/>\nTagesordnung einzuladen. Ank\u00fcndigung durch Aushang<br \/>\noder Pressever\u00f6ffentlichung gen\u00fcgt.<br \/>\n2. Der Vorstand erteilt den Jahresbericht \u00fcber die im<br \/>\nvergangenen Jahr geleistete Arbeit.<br \/>\n3. Der Kassier erstattet den Kassenbericht nach vorheriger<br \/>\nRevision durch die Kassenpr\u00fcfer. Die Kassenpr\u00fcfer werden<br \/>\nvon der Vorstandschaft oder der Versammlung<br \/>\nvorgeschlagen, und bed\u00fcrfen der Zustimmung der<br \/>\nMitgliederversammlung.<br \/>\n4. Die Hauptversammlung ber\u00e4t \u00fcber die Vereinst\u00e4tigkeit sowie<br \/>\nden Haushaltsplan im laufenden Jahr. Beschl\u00fcsse werden<br \/>\nmit einfacher Stimmenmehrheit gefasst.<\/p>\n<p><strong>\u00a7 13 Au\u00dferordentliche Mitgliederversammlung<\/strong><br \/>\n1. Eine au\u00dferordentliche Mitgliederversammlung findet statt,<br \/>\nwenn der Vorstand oder \u00bc der stimmberechtigten Mitglieder<br \/>\ndies fordern.<\/p>\n<p>2. Die au\u00dferordentliche Mitgliederversammlung muss m\u00f6glichst<br \/>\ninnerhalb des folgenden Monats, jedoch in begr\u00fcndeten<br \/>\nAusnahmef\u00e4llen sp\u00e4testens innerhalt von 3 Monaten<br \/>\nstattfinden.<\/p>\n<p><strong>\u00a7 14 Mitgliederversammlung<\/strong><br \/>\nDie Mitgliederversammlung findet jeweils am 1. Werktags-<br \/>\nFreitag der Markgemeinde Schnaittach im Monat, mit<br \/>\nAusnahme des Monats August, nach vorheriger schriftlicher<br \/>\nBekanntmachung statt.<\/p>\n<p><strong>\u00a7 15 Niederschrift des Protokolls<\/strong><br \/>\n\u00dcber jede Haupt- und au\u00dferordentliche Mitgliederversammlung<br \/>\nsowie jede Vorstands- bzw. Verwaltungssitzung<br \/>\nist ein Protokoll aufzunehmen, das vom 1. Vorsitzenden,<br \/>\nim Verhinderungsfall vom 2. Vorsitzenden oder<br \/>\ndem Kassier in Verbindung mit dem Schriftf\u00fchrer zu<br \/>\nunterzeichnen ist.<\/p>\n<p><strong>$ 16 Satzungs\u00e4nderung<\/strong><br \/>\nSatzungs\u00e4nderungen k\u00f6nnen nur durch den Beschluss einer<br \/>\nordentlichen oder au\u00dferordentlichen Hauptversammlung<br \/>\nerfolgen. Zu diesen Beschluss ist die \u00be Mehrheit der<br \/>\nerschienenen, stimmberechtigten Mitglieder erforderlich.<\/p>\n<p><strong>\u00a7 17 Aufl\u00f6sung des Vereins<\/strong><br \/>\n1. Die Aufl\u00f6sung des Vereins kann jederzeit erfolgen, wenn \u00be<br \/>\nder Mitglieder einen diesbez\u00fcglichen Beschluss in einer<br \/>\neigens zu diesem Zweck einberufenen Hauptversammlung<br \/>\nfassen bzw. ihr Einverst\u00e4ndnis schriftlich erkl\u00e4ren.<br \/>\n2. Nach Aufl\u00f6sung des Vereins oder bei Wegfall steuerbeg\u00fcnstigter<br \/>\nZwecke f\u00e4llt das Verm\u00f6gen des Vereins, zur<br \/>\nErh\u00f6hung des Verm\u00f6gensstocks, an die gemeinn\u00fctzige<br \/>\n\u201eStiftung LebensWerte Schnaittach&#8220;, die es unmittelbar und<br \/>\nausschlie\u00dflich f\u00fcr gemeinn\u00fctzige Zwecke zu verwenden hat.<\/p>\n<p><strong>\u00a7 18 Haftung des Vereins f\u00fcr Unf\u00e4lle am Gew\u00e4sser<\/strong><br \/>\nF\u00fcr Unf\u00e4lle und Haftpflichtverpflichtungen jeglicher Art tritt<br \/>\nder Verein seinen Mitgliedern gegen\u00fcber nicht ein.<\/p>\n<hr \/>\n<p style=\"text-align: center;\"><strong>FISCHEREIORDNUNG DES<\/strong><br \/>\n<strong>FISCHEREIVEREIN SCHNAITTACHTAL E.V.<\/strong><\/p>\n<p style=\"text-align: center;\"><strong>1.<\/strong> Die Aus\u00fcbung der Angelfischerei steht jedem Vereinsmitglied in<br \/>\ndem vom Verein unterhaltenem zum Angeln freigegebenen<br \/>\nFischwasser zu. Die Aus\u00fcbung der Fischwaid ist den Mitgliedern<br \/>\nnur pers\u00f6nlich gestattet. Will ein Mitglied einen Gast an das<br \/>\nVereinsgew\u00e4sser mitnehmen, so ist er pers\u00f6nlich daf\u00fcr<br \/>\nverantwortlich, dass der Gast einen staatlichen Fischereischein<br \/>\nund einen ausgestellten Erlaubnisschein (Tageskarte) besitzt.<\/p>\n<p style=\"text-align: center;\"><strong>2.<\/strong> Die Mitglieder haben als Ausweis mitzuf\u00fchren:<br \/>\na) den staatlichen Fischereischein<br \/>\nb) die Erlaubniskarte (Mitgliederausweis) und die Fangliste mit<br \/>\ndem vorab eingetragenen, aktuellen Tagesdatum sowie die<br \/>\ng\u00fcltige Fangverordnung.<br \/>\n\u21d2 a) und b) sind auf Verlangen den kontrollierenden Organen<br \/>\nvorzuzeigen.<\/p>\n<p style=\"text-align: center;\"><strong>3.<\/strong> Verboten ist das Nachtangeln (Ausnahmen hiervon kann die<br \/>\nVorstandschaft erteilen), das Legen von Grundschn\u00fcren, das<br \/>\nFischen mit Reusen, mit Senk- oder sonstigen Netzen, der<br \/>\nlebende K\u00f6derfisch sowie das Liegenlassen von Handangeln<br \/>\n\u00fcber Nacht.<\/p>\n<p style=\"text-align: center;\"><strong>4.<\/strong> Flursch\u00e4digungen sind unter allen Umst\u00e4nden zu vermeiden. Zur<br \/>\nErreichung des Wassers sind nur \u00f6ffentliche Wege und Zug\u00e4nge<br \/>\nzu benutzen. Unter keinen Umst\u00e4nden d\u00fcrfen Mitglieder mit<br \/>\nKraftwagen, Motor- oder Fahrr\u00e4dern in die Wiesen fahren. F\u00fcr<br \/>\nentsprechende Sch\u00e4den ist jedes Mitglied pers\u00f6nlich haftbar. F\u00fcr<br \/>\nden Angelfischer ist die Beachtung der Rechte der Wasser- und<br \/>\nUfergrenzen eine Selbstverst\u00e4ndlichkeit. Schonung von Wiese,<br \/>\nWald und Flur ist eine Ehrensache. Am Wasser ist stets peinliche<br \/>\nOrdnung und Sauberkeit zu halten. Papier, Flaschen, leere<br \/>\nMaisdosen usw. sind unbedingt aufzur\u00e4umen und wieder<br \/>\nmitzunehmen.<\/p>\n<p style=\"text-align: center;\"><strong>5.<\/strong> Die Fischwaid ist nicht als Gesch\u00e4ft aufzufassen. Jeder Verkauf<br \/>\nund Tausch von Fischen ist daher streng verboten.<\/p>\n<p style=\"text-align: center;\"><strong>6.<\/strong> Die Mitglieder sollen am Wasser kameradschaftlich und einander<br \/>\nbehilflich sein. Zur Aufrechterhaltung der Ordnung an den<br \/>\nGew\u00e4ssern sind Gew\u00e4sserwarte aufgestellt. Sie haben das<br \/>\nRecht, jedes am Wasser befindliche Mitglied zu kontrollieren.<br \/>\nEbenso ist jedes Mitglied verpflichtet, den Schutz der<br \/>\nVereinsgew\u00e4sser zu wahren und \u00dcbertretungen oder Vergehen<br \/>\ndurch Mitglieder oder fremde Personen dem Vorstand sofort zu<br \/>\nmelden.<\/p>\n<p style=\"text-align: center;\"><strong>7.<\/strong> Vom Verein werden zus\u00e4tzlich zu den Gew\u00e4sserwarten<br \/>\nKontrollpersonen auf eine von der Vorstandschaft bestimmte Zeit<br \/>\nernannt. Diese Personen besitzen die gleichen Kontrollrechte wie<br \/>\ndie Gew\u00e4sserwarte.<\/p>\n<p style=\"text-align: center;\"><strong>8.<\/strong> Jedes Mitglied ist verpflichtet seine Fangliste ordentlich zu<br \/>\nf\u00fchren. Am Jahresende ist die Fangliste als Zusammenfassung<br \/>\nin das Fangbuch zu \u00fcbertragen und rechtzeitig zum<br \/>\nJahreswechsel, jedoch bis sp\u00e4testens zum 15.01. des<br \/>\nFolgejahres bei den Gew\u00e4sserwarten abzugeben. Neue<br \/>\nFangb\u00fccher werden nur nach Abgabe der alten, unter Vorlage<br \/>\neines g\u00fcltigen staatlichen Fischereischeins ausgegeben.<\/p>\n<p style=\"text-align: center;\"><strong>9.<\/strong> Jeder Angler muss sich dar\u00fcber im klaren sein, dass das<br \/>\nAnsehen des Vereins nach dem Verhalten seiner Mitglieder<br \/>\nbeurteilt wird. Grobe Verst\u00f6\u00dfe gegen die vorstehende<br \/>\nFischereiordnung der von der Vorstandschaft festgesetzten<br \/>\nFangverordnung sowie der gesetzlichen Bestimmungen haben<br \/>\nunweigerlich den Ausschluss aus dem Verein zur Folge.<br \/>\nAu\u00dferdem werden die Namen der Ausgeschlossenen den<br \/>\nNachbarvereinen sowie dem Verband mitgeteilt.<\/p>\n<p style=\"text-align: center;\"><strong>10.<\/strong> Jedes aktive, Mitglied hat an den Gew\u00e4ssern Arbeitsdienst zu<br \/>\nleisten. Die Arbeitsleistung betr\u00e4gt bei jugendlichen und Frauen<br \/>\n12 Stunden bei m\u00e4nnlichen Mitgliedern 18 Stunden pro Jahr. Bei<br \/>\neiner Behinderung ab 70%, dem Rentenbeginn aus krankheitsbedingten<br \/>\nGr\u00fcnden und\/oder dem Erreichen des gesetzlichen<br \/>\nRentenalters kann die Verwaltung, auf Antrag des Mitglieds, eine<br \/>\nBefreiung aussprechen. Bei Verst\u00f6\u00dfen kann die Vorstandschaft<br \/>\nmaterielle Ersatzleistungen verlangen. Die Arbeitsdienststunden<br \/>\nsowie die bei Verst\u00f6\u00dfen anstehenden materiellen Ersatzleistungen<br \/>\nwerden von der Vorstandschaft festgesetzt.<\/p>\n<p style=\"text-align: center;\"><strong>11.<\/strong> An Gew\u00e4sserstrecken, an denen Arbeitsdienst verrichtet wird,<br \/>\ndarf w\u00e4hrend der Dauer des Arbeitsdienstes nicht gefischt<br \/>\nwerden.<\/p>\n<p style=\"text-align: center;\"><strong>12.<\/strong> Bei Vereinsveranstaltungen sind die Vereinsgew\u00e4sser gesperrt.<br \/>\nWeiterhin darf 2 Stunden vor Beginn der Monatsversammlung<br \/>\nnicht mehr gefischt werden. Verst\u00f6\u00dfe m\u00fcssen gemeldet werden.<\/p>\n<p style=\"text-align: center;\"><strong>13.<\/strong> Zum Zwecke der Angelfischerei sind die ausgewiesenen<br \/>\nParkpl\u00e4tze anzufahren. Ausnahmen werden nur nach<br \/>\nGenehmigung durch die Vorstandschaft geduldet. Ebenso ist ein<br \/>\noffenes Feuer an allen Gew\u00e4sserstrecken verboten.<\/p>\n<p style=\"text-align: center;\"><strong>14.<\/strong> Verst\u00f6\u00dfe gegen die Fischereiordnung k\u00f6nnen mit zus\u00e4tzlichen<br \/>\nArbeitsleistungen bestraft werden.<\/p>\n<p style=\"text-align: center;\"><strong>15.<\/strong> Regeln f\u00fcr Hege- und K\u00f6nigsfischen:<br \/>\nDas Anf\u00fcttern vor Beginn des Hege- oder K\u00f6nigsfischen ist<br \/>\nverboten. Beginn ist mit Anpfiff der Aufsichtsperson. Unterma\u00dfig<br \/>\ngefangene Fische m\u00fcssen sofort wieder schonend zur\u00fcckgesetzt<br \/>\nwerden. In Besitz genommene Fische sind umgehend in die Liste<br \/>\ndes Hege-bzw. K\u00f6nigsfischen einzutragen.<br \/>\nNach Beendigung des Fischens m\u00fcssen alle Teilnehmer zum<br \/>\noffiziellen Abwiegen. Zur Abwaage d\u00fcrfen, beim Hegefischen,<br \/>\nnur zwei Fische gebracht werden. Sieger ist der Angler mit dem<br \/>\ngr\u00f6\u00dften Fanggewicht. Fischerk\u00f6nig ist, wer den schwersten<br \/>\nFisch gefangen hat. Bei den Jugendfischern gilt die gleiche<br \/>\nRegelung.<br \/>\nDie gefangenen Fische m\u00fcssen ebenfalls in die Fangliste<br \/>\neingetragen werden.<\/p>\n<p style=\"text-align: center;\"><strong>16.<\/strong> Kontrollen<br \/>\nBei Kontrollen ist den Anordnungen der Kontrolleure Folge zu<br \/>\nleisten. Kontrollieren d\u00fcrfen die staatlichen Ordnungsbeh\u00f6rden,<br \/>\nFischereiaufseher sowie vom Verein daf\u00fcr bestimmte Personen.<br \/>\nVereinskontrolleure d\u00fcrfen den Ausweis, den staatlichen<br \/>\nFischereischein, die Fangliste, die ausgelegten Angeln sowie<br \/>\nSetzkescher, Rucksack, Eimer und sonstige Beh\u00e4ltnisse<br \/>\nkontrollieren.<br \/>\nZuwiderhandlungen m\u00fcssen gemeldet werden.<br \/>\nFischfrevel wird mit Vereinsausschluss bestraft.<\/p>\n<hr \/>\n<p style=\"text-align: center;\">\n<p><strong>Fangverordnung<\/strong><br \/>\nJeder Angler hat sich bei jedem Gew\u00e4sserbesuch vor dem Angeln in<br \/>\ndie Fangliste mit Kugelschreiber und dem jeweiligem Tagesdatum<br \/>\neinzutragen. Ebenso sind die vom Verein ausgewiesenen Parkpl\u00e4tze<br \/>\nanzufahren. Erlaubt sind t\u00e4glich 2 Fische, in der Woche nicht mehr<br \/>\nals 6 St\u00fcck und im Jahr nicht mehr als 40 Karpfen. Gestattet sind 2<br \/>\nHandangeln mit je einem K\u00f6der. Raubfische werden auf 2 St\u00fcck die<br \/>\nWoche und 8 St\u00fcck im Jahr begrenzt. Auf Raubfische darf nur mit<br \/>\neiner Handangel gefischt werden. M\u00f6gliche Beschr\u00e4nkungen<br \/>\nhinsichtlich Schonma\u00dfen, K\u00f6dern, Hackengr\u00f6\u00dfen etc. regeln die<br \/>\nBestimmungen in den Fangb\u00fcchern.<br \/>\nJeder ma\u00dfig gefangener Fisch ist sofort in die Fangliste einzutragen<br \/>\nund muss mitgenommen werden. Eine H\u00e4lterung zum Zwecke des<br \/>\nAustausches ist nicht gestattet.<br \/>\nDas H\u00e4ltern im knotenfreien Setzkescher (Karpfensack) ist auf die<br \/>\nk\u00fcrzest m\u00f6gliche Zeit zu beschr\u00e4nken (AVBayFiG \u00a7 20 Absatz 1)<br \/>\nJeder Verkauf oder Tausch von Fischen ist strengstens verboten.<br \/>\nJugendliche ohne Fischerpr\u00fcfung d\u00fcrfen an den Vereinsgew\u00e4ssern<br \/>\nnur in Begleitung eines aktiven erwachsenen Vereinsmitgliedes und<br \/>\nnur mit einer Handangel fischen. &#8211; Jugendliche, die ihre Fischerpr\u00fcfung<br \/>\nabgelegt und den Aufnahmebeitrag geleistet haben werden<br \/>\nwie Erwachsene gef\u00fchrt, k\u00f6nnen aber bis zum 21. Lebensjahr in der<br \/>\nJugendabteilung verbleiben. Eine Aufsichtsperson ist hier nicht mehr<br \/>\nn\u00f6tig. Die Aufsicht f\u00fcr andere Jugendliche darf aber von ihnen nicht<br \/>\n\u00fcbernommen werden.<br \/>\nF\u00fcr die Flie\u00dfgew\u00e4sser gelten folgende Regelungen:<br \/>\nErlaubt ist 1 Handangel und 2 Fische je Besuch. Bei jedem Hacken<br \/>\nsind die Widerhacken zur\u00fcckzubiegen. Erlaubt ist der Kunstk\u00f6der<br \/>\nund das Schleppen mit totem K\u00f6derfisch. Der Wurm als K\u00f6der kann<br \/>\ndurch Verwaltungsbeschluss beschr\u00e4nkt werden; n\u00e4heres regeln die<br \/>\njeweils aktuellen Fangb\u00fccher. Die Anzahl der Besuche an den<br \/>\nFlie\u00dfgew\u00e4ssern wird ggf. \u00fcber Einschr\u00e4nkungen in den Fangb\u00fcchern<br \/>\nbeschr\u00e4nkt. In den Salmonidengew\u00e4ssern gilt kein Schonma\u00df und<br \/>\nkeine Schonzeit f\u00fcr Hecht und Aal.<br \/>\nEs gelten die gesetzlichen Schonzeiten und die gesetzlichen<br \/>\nSchonma\u00dfe. Angeln darf man von 5:00 bis 24:00 Uhr.<br \/>\n\u00c4nderungen zur Fangordnung sind der Verwaltung vorbehalten.<\/p>\n<hr \/>\n","protected":false},"excerpt":{"rendered":"<p>Nachfolgend finden Sie an dieser Stelle: die Vereinssatzung die Fischereiordnung die Fangverordnung \u00a7 1 Name, Sitz und Gesch\u00e4ftsjahr des Vereins 1. Der Verein f\u00fchrt den Namen Fischereiverein Schnaittachtal e.V., wurde am 01. Juli 1976 gegr\u00fcndet und ist im Vereinsregister beim &hellip; <a href=\"https:\/\/www.fischereiverein-schnaittach.de\/?page_id=38\">Weiterlesen <span class=\"meta-nav\">&rarr;<\/span><\/a><\/p>\n","protected":false},"author":1,"featured_media":0,"parent":15,"menu_order":0,"comment_status":"closed","ping_status":"closed","template":"","meta":{"footnotes":""},"class_list":["post-38","page","type-page","status-publish","hentry"],"_links":{"self":[{"href":"https:\/\/www.fischereiverein-schnaittach.de\/index.php?rest_route=\/wp\/v2\/pages\/38","targetHints":{"allow":["GET"]}}],"collection":[{"href":"https:\/\/www.fischereiverein-schnaittach.de\/index.php?rest_route=\/wp\/v2\/pages"}],"about":[{"href":"https:\/\/www.fischereiverein-schnaittach.de\/index.php?rest_route=\/wp\/v2\/types\/page"}],"author":[{"embeddable":true,"href":"https:\/\/www.fischereiverein-schnaittach.de\/index.php?rest_route=\/wp\/v2\/users\/1"}],"replies":[{"embeddable":true,"href":"https:\/\/www.fischereiverein-schnaittach.de\/index.php?rest_route=%2Fwp%2Fv2%2Fcomments&post=38"}],"version-history":[{"count":9,"href":"https:\/\/www.fischereiverein-schnaittach.de\/index.php?rest_route=\/wp\/v2\/pages\/38\/revisions"}],"predecessor-version":[{"id":1992,"href":"https:\/\/www.fischereiverein-schnaittach.de\/index.php?rest_route=\/wp\/v2\/pages\/38\/revisions\/1992"}],"up":[{"embeddable":true,"href":"https:\/\/www.fischereiverein-schnaittach.de\/index.php?rest_route=\/wp\/v2\/pages\/15"}],"wp:attachment":[{"href":"https:\/\/www.fischereiverein-schnaittach.de\/index.php?rest_route=%2Fwp%2Fv2%2Fmedia&parent=38"}],"curies":[{"name":"wp","href":"https:\/\/api.w.org\/{rel}","templated":true}]}}