{"id":334,"date":"2013-06-05T14:23:38","date_gmt":"2013-06-05T13:23:38","guid":{"rendered":"http:\/\/www.fischereiverein-schnaittach.de\/?page_id=334"},"modified":"2026-01-03T10:35:43","modified_gmt":"2026-01-03T09:35:43","slug":"aktuelles","status":"publish","type":"page","link":"https:\/\/www.fischereiverein-schnaittach.de\/?page_id=334","title":{"rendered":"Aktuelles"},"content":{"rendered":"\n<p><strong>Hier findet ihr alle aktuellen Neuigkeiten!<\/strong><\/p>\n\n\n\n<p><strong><span style=\"background-color:rgba(0, 0, 0, 0);color:#fa042d\" class=\"has-inline-color\">AKTUELLES:<\/span><\/strong><\/p>\n\n\n\n<p>Liebe Mitglieder,<\/p>\n\n\n\n<p>Ab sofort haben wir ein digitales Fangbuch.<\/p>\n\n\n\n<p>Bei der gestrigen Sitzung  wurde schon einiges erkl\u00e4rt. Die Freischaltung  erfolgt in den n\u00e4chsten Tagen. Gerade am Anfang wird es wahrscheinlich f\u00fcr uns alle ein bisschen holprig werden. <\/p>\n\n\n\n<p>Wir bitten um euer Verst\u00e4ndnis<\/p>\n\n\n\n<p>Bei eventuellen Fragen stehen wir euch nat\u00fcrlich jederzeit gerne zur Verf\u00fcgung<\/p>\n\n\n\n<p><\/p>\n\n\n\n<hr class=\"wp-block-separator has-css-opacity is-style-wide\"\/>\n\n\n\n<p>Liebe Angelkameraden,<\/p>\n\n\n\n<p>wir m\u00f6chten Euch ganz herzlich am 14.09.25 zu unserem diesj\u00e4hrigen K\u00f6nigsfischen an der Au, einladen.<\/p>\n\n\n\n<p>Gefischt wird von 6:00 &#8211; 11:00 Uhr.<br>Der Fangzettel wird ab 5 Uhr ausgegeben und erst nach Erhalt des Zettels darf der Angelplatz bezogen werden.<\/p>\n\n\n\n<p>Die Abwaage der Fische ist dann ab 11 Uhr.<\/p>\n\n\n\n<p>Wegen des K\u00f6nigsfischens wird das komplette Augel\u00e4nde inklusive Bartelsweiher ab morgen, Sonntag den 07.09.25, 20 Uhr bis zum K\u00f6nigsfischen gesperrt.<\/p>\n\n\n\n<p>Mit freundlichen Gr\u00fc\u00dfen und viel Petri Heil<\/p>\n\n\n\n<p>Fischereiverein Schnaittachtal<\/p>\n\n\n\n<hr class=\"wp-block-separator has-css-opacity is-style-wide\"\/>\n\n\n\n<p><strong>Fischereiverein Schnaittachtal e.V.<\/strong><\/p>\n\n\n\n<p>Liebe Vereinsmitglieder,<\/p>\n\n\n\n<p>wir stehen an einem Punkt, an dem wir uns fragen m\u00fcssen: Wollen wir unsere Tradition wirklich einfach so aufgeben?<\/p>\n\n\n\n<p>Unser Weiherfest ist seit jeher mehr als nur ein Fest. Es ist Teil unserer Vereinsgeschichte, ein St\u00fcck gelebte Gemeinschaft, ein Tag, an dem wir zusammenkommen, lachen, anpacken und stolz auf das sind, was uns verbindet.<\/p>\n\n\n\n<p>Aber diese Tradition steht jetzt auf der Kippe.<\/p>\n\n\n\n<p>Trotz mehrfacher Bitten hat sich bisher kaum jemand f\u00fcr die Mithilfe gemeldet \u2013 und ohne gen\u00fcgend helfende H\u00e4nde k\u00f6nnen wir das Fest nicht durchf\u00fchren.<\/p>\n\n\n\n<p>So hart das klingt: Wenn sich jetzt nichts \u00e4ndert, f\u00e4llt das Weiherfest dieses Jahr aus.<\/p>\n\n\n\n<p>Wir \u2013 die neue Verwaltung \u2013 wollen mit Euch gemeinsam frischen Wind in den Verein bringen, ohne das zu verlieren, was ihn immer ausgemacht hat:<\/p>\n\n\n\n<p>Zusammenhalt, Engagement und das Gef\u00fchl, Teil von etwas Echtem zu sein.<\/p>\n\n\n\n<p>Doch das schaffen wir nicht allein.<\/p>\n\n\n\n<p>WIR BRAUCHEN EUCH.<\/p>\n\n\n\n<p>Am Fisch- oder Fleischgrill, beim Sp\u00fclen, an der Theke oder wo auch immer \u2013 jede helfende Hand z\u00e4hlt.<\/p>\n\n\n\n<p>Dringend suchen wir noch Helfer f\u00fcr den Samstag zum schlachten der Fische, das eigentliche Fest und f\u00fcr den Abbau am Sonntag nach dem Weiherfest.<\/p>\n\n\n\n<p>BRAUCHEN hei\u00dft nicht \u201ew\u00e4re sch\u00f6n\u201c, sondern: Ohne Euch geht es nicht. Punkt.<\/p>\n\n\n\n<p>Tradition lebt nur weiter, wenn wir sie gemeinsam tragen.<\/p>\n\n\n\n<p>Jetzt ist der Moment, um Flagge zu zeigen. Um zu zeigen, dass es Euch nicht egal ist. Dass unser Verein mehr ist als ein Name auf einem Ausweis. Dass wir bereit sind, wieder zusammenzur\u00fccken \u2013 wie fr\u00fcher.<\/p>\n\n\n\n<p>Und das ist kein leeres Danke: Wer hilft, bekommt mit Partner\/in Essen und Getr\u00e4nke kostenlos \u2013 und vor allem: den verdienten Respekt und die Wertsch\u00e4tzung der Gemeinschaft.<\/p>\n\n\n\n<p>Bitte meldet Euch sp\u00e4testens bis 02.05.25, damit wir nicht absagen m\u00fcssen.<\/p>\n\n\n\n<p>Lasst uns gemeinsam daf\u00fcr sorgen, dass wir auch in Zukunft sagen k\u00f6nnen:<\/p>\n\n\n\n<p>\u201eDas ist unser Verein. Und das ist unsere Tradition.\u201c<\/p>\n\n\n\n<p>Mit kameradschaftlichen Gr\u00fc\u00dfen die Neue Verwaltung<\/p>\n\n\n\n<hr class=\"wp-block-separator has-css-opacity is-style-wide\"\/>\n\n\n\n<p class=\"has-medium-font-size\"><strong>Vereinsverwaltung:<\/strong><\/p>\n\n\n\n<p>Wir suchen st\u00e4ndig neuen Zuwachs zur St\u00e4rkung der Vereinsverwaltung und des Vereins.Nicht nur der direkte Einstieg, sondern auch ein langsames an und kennenlernen der Interessanten Aufgabenbereiche ist m\u00f6glich.&nbsp;<\/p>\n\n\n\n<p>Bei generellem Interesse der Unterst\u00fctzung unserer Vorstandschaft einfach unter 01726991040 melden.<\/p>\n\n\n\n<p>Selbstverst\u00e4ndlich kann auch gerne unverbindlich Einblick in solche T\u00e4tigkeiten gegeben werden und alles besichtigt werden.&nbsp;<\/p>\n\n\n\n<p>Wir freuen uns auf deine Nachricht!&nbsp;<\/p>\n\n\n\n<p><\/p>\n\n\n\n<hr class=\"wp-block-separator has-css-opacity is-style-wide\"\/>\n","protected":false},"excerpt":{"rendered":"<p>Hier findet ihr alle aktuellen Neuigkeiten! AKTUELLES: Liebe Mitglieder, Ab sofort haben wir ein digitales Fangbuch. Bei der gestrigen Sitzung wurde schon einiges erkl\u00e4rt. Die Freischaltung erfolgt in den n\u00e4chsten Tagen. Gerade am Anfang wird es wahrscheinlich f\u00fcr uns alle &hellip; <a href=\"https:\/\/www.fischereiverein-schnaittach.de\/?page_id=334\">Weiterlesen <span class=\"meta-nav\">&rarr;<\/span><\/a><\/p>\n","protected":false},"author":1,"featured_media":0,"parent":0,"menu_order":0,"comment_status":"closed","ping_status":"open","template":"","meta":{"footnotes":""},"class_list":["post-334","page","type-page","status-publish","hentry"],"_links":{"self":[{"href":"https:\/\/www.fischereiverein-schnaittach.de\/index.php?rest_route=\/wp\/v2\/pages\/334","targetHints":{"allow":["GET"]}}],"collection":[{"href":"https:\/\/www.fischereiverein-schnaittach.de\/index.php?rest_route=\/wp\/v2\/pages"}],"about":[{"href":"https:\/\/www.fischereiverein-schnaittach.de\/index.php?rest_route=\/wp\/v2\/types\/page"}],"author":[{"embeddable":true,"href":"https:\/\/www.fischereiverein-schnaittach.de\/index.php?rest_route=\/wp\/v2\/users\/1"}],"replies":[{"embeddable":true,"href":"https:\/\/www.fischereiverein-schnaittach.de\/index.php?rest_route=%2Fwp%2Fv2%2Fcomments&post=334"}],"version-history":[{"count":318,"href":"https:\/\/www.fischereiverein-schnaittach.de\/index.php?rest_route=\/wp\/v2\/pages\/334\/revisions"}],"predecessor-version":[{"id":2318,"href":"https:\/\/www.fischereiverein-schnaittach.de\/index.php?rest_route=\/wp\/v2\/pages\/334\/revisions\/2318"}],"wp:attachment":[{"href":"https:\/\/www.fischereiverein-schnaittach.de\/index.php?rest_route=%2Fwp%2Fv2%2Fmedia&parent=334"}],"curies":[{"name":"wp","href":"https:\/\/api.w.org\/{rel}","templated":true}]}}