{"id":2,"date":"2013-02-25T13:56:17","date_gmt":"2013-02-25T13:56:17","guid":{"rendered":"http:\/\/fischereiverein.flyingfilms4companys.com\/?page_id=2"},"modified":"2026-01-03T11:13:05","modified_gmt":"2026-01-03T10:13:05","slug":"sample-page","status":"publish","type":"page","link":"https:\/\/www.fischereiverein-schnaittach.de\/","title":{"rendered":"Willkommen beim Fischereiverein Schnaittachtal e.V."},"content":{"rendered":"<p><span style=\"color: #000000;\"><span style=\"color: #000000;\"><a href=\"http:\/\/www.fischereiverein-schnaittach.de\/wp-content\/uploads\/2013\/02\/fishlogo2.jpg\"><img loading=\"lazy\" decoding=\"async\" class=\"alignright size-medium wp-image-11\" src=\"http:\/\/www.fischereiverein-schnaittach.de\/wp-content\/uploads\/2013\/02\/fishlogo2-231x300.jpg\" alt=\"fishlogo2\" width=\"231\" height=\"300\" srcset=\"https:\/\/www.fischereiverein-schnaittach.de\/wp-content\/uploads\/2013\/02\/fishlogo2-231x300.jpg 231w, https:\/\/www.fischereiverein-schnaittach.de\/wp-content\/uploads\/2013\/02\/fishlogo2.jpg 419w\" sizes=\"auto, (max-width: 231px) 100vw, 231px\" \/><\/a><br \/>\n<\/span><\/span><\/p>\n<p>Wir sind ein Fischereiverein in Nordbayern im Herzen Mittelfrankens. In der N\u00e4he von N\u00fcrnberg pflegen wir drei Flussabschnitte und 25 Weiher. Dies machen ca. 170 Mitglieder, davon 22 Jugendliche m\u00f6glich. An ausgesuchten Weihern sind f\u00fcr unsere Gastfischer Tageskarten erh\u00e4ltlich. Selbstverst\u00e4ndlich freuen wir uns immer \u00fcber neue, aktive Mitglieder, welche gerne Fischen und sich an unserem Vereinsleben beteiligen m\u00f6chten.<\/p>\n<p>Neben unseren attraktiven Gew\u00e4ssern und der Fischhege bietet der Verein monatliche Vereinsversammlungen, Weiherfeste, K\u00f6nigs- und Pokalfischen. Ein weiterer H\u00f6hepunkt des Vereinsjahres ist das Abfischen der Weiher im Fr\u00fchjahr und im Herbst.<\/p>\n<p>Auf der j\u00e4hrlichen K\u00f6nigs- und Weihnachtsfeier mit Ehrung langj\u00e4hriger Mitglieder wird nicht nur das Vereinsjahr abgerundet, sondern auch der neue Fischerk\u00f6nig bei der Jugend und den Aktiven geehrt.<\/p>\n<p>Unsere Fischweiher an verschiedenen Standorten bieten ruhige und belebtere Pl\u00e4tze zum Fischen und N\u00e4he zur Natur. Karpfen, Schleien, Hecht, Zander, Waller, Forellen und zahlreiche Wei\u00dffischarten sind in unseren gut besetzten Angelweihern und Flussabschnitten zu Fischen.<\/p>\n","protected":false},"excerpt":{"rendered":"<p>Wir sind ein Fischereiverein in Nordbayern im Herzen Mittelfrankens. In der N\u00e4he von N\u00fcrnberg pflegen wir drei Flussabschnitte und 25 Weiher. Dies machen ca. 170 Mitglieder, davon 22 Jugendliche m\u00f6glich. An ausgesuchten Weihern sind f\u00fcr unsere Gastfischer Tageskarten erh\u00e4ltlich. Selbstverst\u00e4ndlich &hellip; <a href=\"https:\/\/www.fischereiverein-schnaittach.de\/\">Weiterlesen <span class=\"meta-nav\">&rarr;<\/span><\/a><\/p>\n","protected":false},"author":1,"featured_media":0,"parent":0,"menu_order":0,"comment_status":"closed","ping_status":"closed","template":"sidebar-page.php","meta":{"footnotes":""},"class_list":["post-2","page","type-page","status-publish","hentry"],"_links":{"self":[{"href":"https:\/\/www.fischereiverein-schnaittach.de\/index.php?rest_route=\/wp\/v2\/pages\/2","targetHints":{"allow":["GET"]}}],"collection":[{"href":"https:\/\/www.fischereiverein-schnaittach.de\/index.php?rest_route=\/wp\/v2\/pages"}],"about":[{"href":"https:\/\/www.fischereiverein-schnaittach.de\/index.php?rest_route=\/wp\/v2\/types\/page"}],"author":[{"embeddable":true,"href":"https:\/\/www.fischereiverein-schnaittach.de\/index.php?rest_route=\/wp\/v2\/users\/1"}],"replies":[{"embeddable":true,"href":"https:\/\/www.fischereiverein-schnaittach.de\/index.php?rest_route=%2Fwp%2Fv2%2Fcomments&post=2"}],"version-history":[{"count":34,"href":"https:\/\/www.fischereiverein-schnaittach.de\/index.php?rest_route=\/wp\/v2\/pages\/2\/revisions"}],"predecessor-version":[{"id":2331,"href":"https:\/\/www.fischereiverein-schnaittach.de\/index.php?rest_route=\/wp\/v2\/pages\/2\/revisions\/2331"}],"wp:attachment":[{"href":"https:\/\/www.fischereiverein-schnaittach.de\/index.php?rest_route=%2Fwp%2Fv2%2Fmedia&parent=2"}],"curies":[{"name":"wp","href":"https:\/\/api.w.org\/{rel}","templated":true}]}}