{"id":17,"date":"2013-02-25T15:43:54","date_gmt":"2013-02-25T14:43:54","guid":{"rendered":"http:\/\/fischereiverein.flyingfilms4companys.com\/?page_id=17"},"modified":"2024-10-03T12:41:55","modified_gmt":"2024-10-03T11:41:55","slug":"jugend","status":"publish","type":"page","link":"https:\/\/www.fischereiverein-schnaittach.de\/?page_id=17","title":{"rendered":"Jugend"},"content":{"rendered":"<p>Die Jugendabteilung des Fischereiverein Schnaittachtal e.V. unter der Leitung<br \/>\nvon\u00a0Mario Wendenburg besteht derzeit aus 17 jugendlichen Mitgliedern.<br \/>\nAktivit\u00e4ten wie monatliche Jugendtreffs, verschiedene Zeltlager, Nachtangeln an Vereinsgew\u00e4ssern, angeln am Europakanal, sowie Fahrten zu Angelmessen geh\u00f6ren zum j\u00e4hrlichen Programm.<br \/>\nWeitere Informationen sind unter folgenden\u00a0<span class=\"Apple-style-span\" style=\"color: #000000;\">Link&#8217;s zu den aktuellen Jugendseiten\u00a0<\/span>ersichtlich.<\/p>\n<p><a href=\"https:\/\/www.facebook.com\/#!\/pages\/Jugendfischer-des-Fischereiverein-Schnaittachtal-eV\/187595657980255\">ttps:\/\/www.facebook.com\/#!\/pages\/Jugendfischer-des-Fischereiverein-Schnaittachtal-eV\/187595657980255<\/a><\/p>\n<h1 style=\"text-align: left;\" align=\"CENTER\"><span class=\"Apple-style-span\" style=\"line-height: 26px; font-size: medium;\">\u00a0Kontakt<\/span><\/h1>\n<p><strong>Jugendleiter und Ansprechpartner f\u00fcr die Fischerjugend<\/strong><\/p>\n<h1 style=\"text-align: left;\" align=\"CENTER\"><span class=\"Apple-style-span\" style=\"color: #333333; font-weight: 300;\">Mario Wendenburg, Kleinsendelbacher Haupt. 28, 91077 Kleinsendelbach<\/span><\/h1>\n<h1 style=\"text-align: left;\" align=\"CENTER\"><span class=\"Apple-style-span\" style=\"color: #333333; font-weight: 300;\"><b>E-Mail:\u00a0<\/b><a href=\"http:\/\/jugendwart.fv_schnaittach@yahoo.com\">jugendwart.fv_schnaittach@yahoo.com<\/a><\/span><\/h1>\n<h1 style=\"text-align: left;\" align=\"CENTER\"><\/h1>\n<p><a name=\"Links\"><\/a><\/p>\n","protected":false},"excerpt":{"rendered":"<p>Die Jugendabteilung des Fischereiverein Schnaittachtal e.V. unter der Leitung von\u00a0Mario Wendenburg besteht derzeit aus 17 jugendlichen Mitgliedern. Aktivit\u00e4ten wie monatliche Jugendtreffs, verschiedene Zeltlager, Nachtangeln an Vereinsgew\u00e4ssern, angeln am Europakanal, sowie Fahrten zu Angelmessen geh\u00f6ren zum j\u00e4hrlichen Programm. Weitere Informationen sind &hellip; <a href=\"https:\/\/www.fischereiverein-schnaittach.de\/?page_id=17\">Weiterlesen <span class=\"meta-nav\">&rarr;<\/span><\/a><\/p>\n","protected":false},"author":1,"featured_media":0,"parent":0,"menu_order":0,"comment_status":"closed","ping_status":"closed","template":"","meta":{"footnotes":""},"class_list":["post-17","page","type-page","status-publish","hentry"],"_links":{"self":[{"href":"https:\/\/www.fischereiverein-schnaittach.de\/index.php?rest_route=\/wp\/v2\/pages\/17","targetHints":{"allow":["GET"]}}],"collection":[{"href":"https:\/\/www.fischereiverein-schnaittach.de\/index.php?rest_route=\/wp\/v2\/pages"}],"about":[{"href":"https:\/\/www.fischereiverein-schnaittach.de\/index.php?rest_route=\/wp\/v2\/types\/page"}],"author":[{"embeddable":true,"href":"https:\/\/www.fischereiverein-schnaittach.de\/index.php?rest_route=\/wp\/v2\/users\/1"}],"replies":[{"embeddable":true,"href":"https:\/\/www.fischereiverein-schnaittach.de\/index.php?rest_route=%2Fwp%2Fv2%2Fcomments&post=17"}],"version-history":[{"count":25,"href":"https:\/\/www.fischereiverein-schnaittach.de\/index.php?rest_route=\/wp\/v2\/pages\/17\/revisions"}],"predecessor-version":[{"id":2270,"href":"https:\/\/www.fischereiverein-schnaittach.de\/index.php?rest_route=\/wp\/v2\/pages\/17\/revisions\/2270"}],"wp:attachment":[{"href":"https:\/\/www.fischereiverein-schnaittach.de\/index.php?rest_route=%2Fwp%2Fv2%2Fmedia&parent=17"}],"curies":[{"name":"wp","href":"https:\/\/api.w.org\/{rel}","templated":true}]}}